{"id":54,"date":"2019-01-05T16:13:47","date_gmt":"2019-01-05T16:13:47","guid":{"rendered":"http:\/\/diekleinekrabbe.de\/?page_id=54"},"modified":"2024-03-22T13:40:35","modified_gmt":"2024-03-22T13:40:35","slug":"ferienwohnung-2","status":"publish","type":"page","link":"https:\/\/diekleinekrabbe.de\/?page_id=54","title":{"rendered":"Kleine Krabbe 2"},"content":{"rendered":"\n<p>Die &#8222;Kleine Krabbe 2&#8220; ist eine gem\u00fctliche Ferienwohnung von ca 35 qm und bietet Platz f\u00fcr 2 Personen. Sie besteht aus einem Wohn-Schlafbereich mit direktem Zugang zum Duschbad und angrenzender S\u00fcdterrasse. Sie verf\u00fcgt \u00fcber eine vollst\u00e4ndig eingerichtete K\u00fcche und einem lichtdurchfluteten Essbereich. Wlan kostenfrei<\/p>\n\n\n<div aria-live=\"polite\" id=\"soliloquy-container-315_1\" class=\"soliloquy-container soliloquy-transition-fade  soliloquy-theme-base\" style=\"max-width:960px;max-height:600px;\"><ul id=\"soliloquy-315_1\" class=\"soliloquy-slider soliloquy-slides soliloquy-wrap soliloquy-clear\"><li aria-hidden=\"true\" class=\"soliloquy-item soliloquy-item-1 soliloquy-image-slide\" draggable=\"false\" style=\"list-style:none\"><img decoding=\"async\" id=\"soliloquy-image-496\" class=\"soliloquy-image soliloquy-image-1\" src=\"https:\/\/diekleinekrabbe.de\/wp-content\/uploads\/2025\/08\/DSC01067-scaled-960x600_c.jpg\" alt=\"DSC01067\" \/><\/li><li aria-hidden=\"true\" class=\"soliloquy-item soliloquy-item-2 soliloquy-image-slide\" draggable=\"false\" style=\"list-style:none\"><img decoding=\"async\" id=\"soliloquy-image-66\" class=\"soliloquy-image soliloquy-image-2\" src=\"https:\/\/diekleinekrabbe.de\/wp-content\/uploads\/2019\/01\/94723514-960x600_c.jpg\" alt=\"Eingangsbereich Krabbe 2\" \/><\/li><li aria-hidden=\"true\" class=\"soliloquy-item soliloquy-item-3 soliloquy-image-slide\" draggable=\"false\" style=\"list-style:none\"><img decoding=\"async\" id=\"soliloquy-image-492\" class=\"soliloquy-image soliloquy-image-3\" src=\"https:\/\/diekleinekrabbe.de\/wp-content\/uploads\/2025\/08\/DSC01042-scaled-960x600_c.jpg\" alt=\"DSC01042\" \/><\/li><li aria-hidden=\"true\" class=\"soliloquy-item soliloquy-item-4 soliloquy-image-slide\" draggable=\"false\" style=\"list-style:none\"><img decoding=\"async\" id=\"soliloquy-image-386\" class=\"soliloquy-image soliloquy-image-4\" src=\"https:\/\/diekleinekrabbe.de\/wp-content\/uploads\/2020\/05\/20200509_103339-scaled-960x600_c.jpg\" alt=\"Esstisch KK2\" \/><\/li><li aria-hidden=\"true\" class=\"soliloquy-item soliloquy-item-5 soliloquy-image-slide\" draggable=\"false\" style=\"list-style:none\"><img decoding=\"async\" id=\"soliloquy-image-388\" class=\"soliloquy-image soliloquy-image-5\" src=\"https:\/\/diekleinekrabbe.de\/wp-content\/uploads\/2020\/05\/20200509_153350-scaled-960x600_c.jpg\" alt=\"Deko KK2\" \/><\/li><li aria-hidden=\"true\" class=\"soliloquy-item soliloquy-item-6 soliloquy-image-slide\" draggable=\"false\" style=\"list-style:none\"><img decoding=\"async\" id=\"soliloquy-image-387\" class=\"soliloquy-image soliloquy-image-6\" src=\"https:\/\/diekleinekrabbe.de\/wp-content\/uploads\/2020\/05\/20200510_104554-scaled-960x600_c.jpg\" alt=\"K\u00fcche KK2\" \/><\/li><li aria-hidden=\"true\" class=\"soliloquy-item soliloquy-item-7 soliloquy-image-slide\" draggable=\"false\" style=\"list-style:none\"><img decoding=\"async\" id=\"soliloquy-image-319\" class=\"soliloquy-image soliloquy-image-7\" src=\"https:\/\/diekleinekrabbe.de\/wp-content\/uploads\/2019\/03\/SchlafenKK2-960x600_c.jpg\" alt=\"SchlafenKK2\" \/><\/li><li aria-hidden=\"true\" class=\"soliloquy-item soliloquy-item-8 soliloquy-image-slide\" draggable=\"false\" style=\"list-style:none\"><img decoding=\"async\" id=\"soliloquy-image-318\" class=\"soliloquy-image soliloquy-image-8\" src=\"https:\/\/diekleinekrabbe.de\/wp-content\/uploads\/2019\/03\/Krabbe2Schlafzimmer-960x600_c.jpg\" alt=\"Krabbe2Schlafzimmer\" \/><\/li><li aria-hidden=\"true\" class=\"soliloquy-item soliloquy-item-9 soliloquy-image-slide\" draggable=\"false\" style=\"list-style:none\"><img decoding=\"async\" id=\"soliloquy-image-320\" class=\"soliloquy-image soliloquy-image-9\" src=\"https:\/\/diekleinekrabbe.de\/wp-content\/uploads\/2019\/03\/WohnenKK2-960x600_c.jpg\" alt=\"WohnenKK2\" \/><\/li><li aria-hidden=\"true\" class=\"soliloquy-item soliloquy-item-10 soliloquy-image-slide\" draggable=\"false\" style=\"list-style:none\"><img decoding=\"async\" id=\"soliloquy-image-317\" class=\"soliloquy-image soliloquy-image-10\" src=\"https:\/\/diekleinekrabbe.de\/wp-content\/uploads\/2019\/03\/BadKK2-960x600_c.jpg\" alt=\"BadKK2\" \/><\/li><li aria-hidden=\"true\" class=\"soliloquy-item soliloquy-item-11 soliloquy-image-slide\" draggable=\"false\" style=\"list-style:none\"><img decoding=\"async\" id=\"soliloquy-image-384\" class=\"soliloquy-image soliloquy-image-11\" src=\"https:\/\/diekleinekrabbe.de\/wp-content\/uploads\/2020\/05\/IMG-20200509-WA0010-960x600_c.jpg\" alt=\"Aussicht Strandkorb KK2\" \/><\/li><\/ul><\/div><noscript><style type=\"text\/css\">#soliloquy-container-315_1{opacity:1}<\/style><\/noscript>\n<div class=\"su-spoiler su-spoiler-style-default su-spoiler-icon-arrow su-spoiler-closed\" data-scroll-offset=\"0\" data-anchor-in-url=\"no\"><div class=\"su-spoiler-title\" tabindex=\"0\" role=\"button\"><span class=\"su-spoiler-icon\"><\/span>Ausstattung Wohn- und Schlafbereich:<\/div><div class=\"su-spoiler-content su-u-clearfix su-u-trim\">\n\n\n<ul class=\"wp-block-list\">\n<li>Doppelbett mit verstellbarem Lattenrost (?)<\/li>\n\n\n\n<li>Nachtschr\u00e4nke mit Nachttischlampe<\/li>\n\n\n\n<li>Zwei Sessel mit Couchtisch<\/li>\n\n\n\n<li>Flachbildfernseher<\/li>\n\n\n\n<li>2-t\u00fcriger Kleiderschrank<\/li>\n\n\n\n<li>direkter Zugang zum Badezimmer<\/li>\n\n\n\n<li>Laminat Fu\u00dfboden <\/li>\n<\/ul>\n\n\n<\/div><\/div>\n<div class=\"su-spoiler su-spoiler-style-default su-spoiler-icon-arrow su-spoiler-closed\" data-scroll-offset=\"0\" data-anchor-in-url=\"no\"><div class=\"su-spoiler-title\" tabindex=\"0\" role=\"button\"><span class=\"su-spoiler-icon\"><\/span>Ausstattung K\u00fcche und Essbereich:<\/div><div class=\"su-spoiler-content su-u-clearfix su-u-trim\"><\/div><\/div>\n\n\n<ul class=\"wp-block-list\">\n<li>gro\u00dfer Esstisch mit 4 St\u00fchlen<\/li>\n\n\n\n<li>Backofen mit 4 Platten Cerankochfeld<\/li>\n\n\n\n<li>K\u00fchlschrank mit Gefrierfach<\/li>\n\n\n\n<li>Mikrowelle<\/li>\n\n\n\n<li>Toaster, Mixer<\/li>\n\n\n\n<li>Wasserkocher, Kaffeemaschine<\/li>\n\n\n\n<li>Geschirr, Besteck, T\u00f6pfe, Pfanne und was man so braucht<\/li>\n<\/ul>\n\n\n\n<div class=\"wp-block-columns has-2-columns is-layout-flex wp-container-core-columns-is-layout-9d6595d7 wp-block-columns-is-layout-flex\">\n<div class=\"wp-block-column is-layout-flow wp-block-column-is-layout-flow\">\n<div class=\"wp-block-button\"><a class=\"wp-block-button__link has-vivid-red-background-color has-background wp-element-button\" href=\"https:\/\/diekleinekrabbe.de\/?page_id=294\">Grundriss ansehen<\/a><\/div>\n<\/div>\n\n\n\n<div class=\"wp-block-column is-layout-flow wp-block-column-is-layout-flow\">\n<div class=\"wp-block-button\"><a class=\"wp-block-button__link has-vivid-red-background-color has-background wp-element-button\" href=\"https:\/\/www.verwaltung-nordseesonne.de\/Dornumersiel\/Neuharlingersiel\/Ferienwohnung.Kleine.Krabbe.2#?from=2024-04-09&amp;till=2024-04-13&amp;adults=2\">Verf\u00fcgbarkeit Preise und Buchung<\/a><\/div>\n<\/div>\n<\/div>\n\n\n\n<p><\/p>\n","protected":false},"excerpt":{"rendered":"<p>Die &#8222;Kleine Krabbe 2&#8220; ist eine gem\u00fctliche Ferienwohnung von ca 35 qm und bietet Platz f\u00fcr 2 Personen. Sie besteht aus einem Wohn-Schlafbereich mit direktem Zugang zum Duschbad und angrenzender S\u00fcdterrasse. Sie verf\u00fcgt \u00fcber eine vollst\u00e4ndig eingerichtete K\u00fcche und einem lichtdurchfluteten Essbereich. Wlan kostenfrei<\/p>\n","protected":false},"author":1,"featured_media":0,"parent":0,"menu_order":0,"comment_status":"closed","ping_status":"closed","template":"","meta":{"footnotes":""},"class_list":["post-54","page","type-page","status-publish","hentry"],"jetpack_sharing_enabled":true,"_links":{"self":[{"href":"https:\/\/diekleinekrabbe.de\/index.php?rest_route=\/wp\/v2\/pages\/54","targetHints":{"allow":["GET"]}}],"collection":[{"href":"https:\/\/diekleinekrabbe.de\/index.php?rest_route=\/wp\/v2\/pages"}],"about":[{"href":"https:\/\/diekleinekrabbe.de\/index.php?rest_route=\/wp\/v2\/types\/page"}],"author":[{"embeddable":true,"href":"https:\/\/diekleinekrabbe.de\/index.php?rest_route=\/wp\/v2\/users\/1"}],"replies":[{"embeddable":true,"href":"https:\/\/diekleinekrabbe.de\/index.php?rest_route=%2Fwp%2Fv2%2Fcomments&post=54"}],"version-history":[{"count":32,"href":"https:\/\/diekleinekrabbe.de\/index.php?rest_route=\/wp\/v2\/pages\/54\/revisions"}],"predecessor-version":[{"id":488,"href":"https:\/\/diekleinekrabbe.de\/index.php?rest_route=\/wp\/v2\/pages\/54\/revisions\/488"}],"wp:attachment":[{"href":"https:\/\/diekleinekrabbe.de\/index.php?rest_route=%2Fwp%2Fv2%2Fmedia&parent=54"}],"curies":[{"name":"wp","href":"https:\/\/api.w.org\/{rel}","templated":true}]}}