{"id":51,"date":"2019-01-05T16:11:39","date_gmt":"2019-01-05T16:11:39","guid":{"rendered":"http:\/\/diekleinekrabbe.de\/?page_id=51"},"modified":"2024-03-22T13:39:44","modified_gmt":"2024-03-22T13:39:44","slug":"ferienwohnung-1","status":"publish","type":"page","link":"https:\/\/diekleinekrabbe.de\/?page_id=51","title":{"rendered":"Kleine Krabbe 1"},"content":{"rendered":"\n<p>Die &#8222;Kleine Krabbe 1&#8220; bietet Ihnen folgende Ausstattungsmerkmale:<\/p>\n\n\n\n<p>Diese gem\u00fctliche Ferienwohnung ist ca. 35 qm gro\u00df und bietet Platz f\u00fcr 2 Personen. Sie besteht aus einem Duschbad, Schlafzimmer mit Gardinen und einem Wohn- Essbereich mit einer kleinen K\u00fcchenzeile. Die kleine S\u00fcdterrasse l\u00e4dt zum Verweilen ein.  Wlan kostenfrei<\/p>\n\n\n\n<div class=\"wp-block-group\"><div class=\"wp-block-group__inner-container is-layout-flow wp-block-group-is-layout-flow\">\n<div class=\"wp-block-soliloquy-soliloquywp\"><div aria-live=\"polite\" id=\"soliloquy-container-307_1\" class=\"soliloquy-container soliloquy-transition-fade  soliloquy-theme-base\" style=\"max-width:960px;max-height:600px;\"><ul id=\"soliloquy-307_1\" class=\"soliloquy-slider soliloquy-slides soliloquy-wrap soliloquy-clear\"><li aria-hidden=\"true\" class=\"soliloquy-item soliloquy-item-1 soliloquy-image-slide\" draggable=\"false\" style=\"list-style:none\"><img decoding=\"async\" id=\"soliloquy-image-495\" class=\"soliloquy-image soliloquy-image-1\" src=\"https:\/\/diekleinekrabbe.de\/wp-content\/uploads\/2025\/08\/DSC01074-scaled-960x600_c.jpg\" alt=\"DSC01074\" \/><\/li><li aria-hidden=\"true\" class=\"soliloquy-item soliloquy-item-2 soliloquy-image-slide\" draggable=\"false\" style=\"list-style:none\"><img decoding=\"async\" id=\"soliloquy-image-489\" class=\"soliloquy-image soliloquy-image-2\" src=\"https:\/\/diekleinekrabbe.de\/wp-content\/uploads\/2025\/08\/DSC01072-scaled-960x600_c.jpg\" alt=\"DSC01072\" \/><\/li><li aria-hidden=\"true\" class=\"soliloquy-item soliloquy-item-3 soliloquy-image-slide\" draggable=\"false\" style=\"list-style:none\"><img decoding=\"async\" id=\"soliloquy-image-490\" class=\"soliloquy-image soliloquy-image-3\" src=\"https:\/\/diekleinekrabbe.de\/wp-content\/uploads\/2025\/08\/DSC01070-scaled-960x600_c.jpg\" alt=\"DSC01070\" \/><\/li><li aria-hidden=\"true\" class=\"soliloquy-item soliloquy-item-4 soliloquy-image-slide\" draggable=\"false\" style=\"list-style:none\"><img decoding=\"async\" id=\"soliloquy-image-334\" class=\"soliloquy-image soliloquy-image-4\" src=\"https:\/\/diekleinekrabbe.de\/wp-content\/uploads\/2019\/03\/WohnEssenKK1-960x600_c.jpeg\" alt=\"WohnEssenKK1\" \/><\/li><li aria-hidden=\"true\" class=\"soliloquy-item soliloquy-item-5 soliloquy-image-slide\" draggable=\"false\" style=\"list-style:none\"><img decoding=\"async\" id=\"soliloquy-image-219\" class=\"soliloquy-image soliloquy-image-5\" src=\"https:\/\/diekleinekrabbe.de\/wp-content\/uploads\/2019\/01\/IMG-20190119-WA0011-960x600_c.jpg\" alt=\"Wohnzimmer Krabbe1\" \/><\/li><li aria-hidden=\"true\" class=\"soliloquy-item soliloquy-item-6 soliloquy-image-slide\" draggable=\"false\" style=\"list-style:none\"><img decoding=\"async\" id=\"soliloquy-image-382\" class=\"soliloquy-image soliloquy-image-6\" src=\"https:\/\/diekleinekrabbe.de\/wp-content\/uploads\/2020\/05\/20200509_153255-scaled-960x600_c.jpg\" alt=\"K\u00fcche KK1\" \/><\/li><li aria-hidden=\"true\" class=\"soliloquy-item soliloquy-item-7 soliloquy-image-slide\" draggable=\"false\" style=\"list-style:none\"><img decoding=\"async\" id=\"soliloquy-image-130\" class=\"soliloquy-image soliloquy-image-7\" src=\"https:\/\/diekleinekrabbe.de\/wp-content\/uploads\/2019\/01\/Whg1-960x600_c.jpeg\" alt=\"Schlafzimmer Krabbe 1\" \/><\/li><li aria-hidden=\"true\" class=\"soliloquy-item soliloquy-item-8 soliloquy-image-slide\" draggable=\"false\" style=\"list-style:none\"><img decoding=\"async\" id=\"soliloquy-image-389\" class=\"soliloquy-image soliloquy-image-8\" src=\"https:\/\/diekleinekrabbe.de\/wp-content\/uploads\/2020\/05\/Bad-Krabbe-1-960x600_c.jpg\" alt=\"Bad Krabbe 1\" \/><\/li><\/ul><\/div><noscript><style type=\"text\/css\">#soliloquy-container-307_1{opacity:1}<\/style><\/noscript><\/div>\n<\/div><\/div>\n\n\n<div class=\"su-spoiler su-spoiler-style-default su-spoiler-icon-arrow su-spoiler-closed\" data-scroll-offset=\"0\" data-anchor-in-url=\"no\"><div class=\"su-spoiler-title\" tabindex=\"0\" role=\"button\"><span class=\"su-spoiler-icon\"><\/span>Ausstattung der K\u00fcche:<\/div><div class=\"su-spoiler-content su-u-clearfix su-u-trim\">\n\n\n<ul class=\"wp-block-list\">\n<li>Cerankochfeld (2 Platten)<\/li>\n\n\n\n<li>kleiner K\u00fchlschrank mit Gefrierfach<\/li>\n\n\n\n<li>Mini-Ofen universal mit Back- und Mikrowellenfunktion (Achtung: kein \u00fcblicher Backofen).<\/li>\n\n\n\n<li>Toaster, Mixer, Wasserkocher, Kaffeemaschine<\/li>\n\n\n\n<li>Geschirr, Besteck, T\u00f6pfe, Panne und was man so braucht<\/li>\n<\/ul>\n\n\n<\/div><\/div>\n<div class=\"su-spoiler su-spoiler-style-default su-spoiler-icon-arrow su-spoiler-closed\" data-scroll-offset=\"0\" data-anchor-in-url=\"no\"><div class=\"su-spoiler-title\" tabindex=\"0\" role=\"button\"><span class=\"su-spoiler-icon\"><\/span>Ausstattung des Wohnbereichs:<\/div><div class=\"su-spoiler-content su-u-clearfix su-u-trim\">\n\n\n<ul class=\"wp-block-list\">\n<li>kleines Sofa, 1 Sessel, Couchtisch<\/li>\n\n\n\n<li>kleiner Esstisch f\u00fcr 2 Personen<\/li>\n\n\n\n<li>Flachbild- TV<\/li>\n\n\n\n<li>Echtholzparkett<\/li>\n\n\n\n<li>Plissee<\/li>\n<\/ul>\n\n\n<\/div><\/div>\n<div class=\"su-spoiler su-spoiler-style-default su-spoiler-icon-arrow su-spoiler-closed\" data-scroll-offset=\"0\" data-anchor-in-url=\"no\"><div class=\"su-spoiler-title\" tabindex=\"0\" role=\"button\"><span class=\"su-spoiler-icon\"><\/span>Ausstattung des Schlafbereichs:<\/div><div class=\"su-spoiler-content su-u-clearfix su-u-trim\">\n\n\n<ul class=\"wp-block-list\">\n<li>Doppelbett mit verstellbaren Lattenrost <\/li>\n\n\n\n<li>Doppelt\u00fcriger Kleiderschrank<\/li>\n\n\n\n<li>Gardinen zum verdunkeln <\/li>\n\n\n\n<li>Nachtschr\u00e4nke mit Nachttischlampen <\/li>\n\n\n\n<li>direkter Zugang zum Duschbad<\/li>\n<\/ul>\n\n\n<\/div><\/div>\n\n\n<div class=\"wp-block-columns has-2-columns is-layout-flex wp-container-core-columns-is-layout-9d6595d7 wp-block-columns-is-layout-flex\">\n<div class=\"wp-block-column is-layout-flow wp-block-column-is-layout-flow\">\n<div class=\"wp-block-button\"><a class=\"wp-block-button__link has-vivid-red-background-color has-background wp-element-button\" href=\"https:\/\/diekleinekrabbe.de\/?page_id=304\">Grundriss ansehen<\/a><\/div>\n<\/div>\n\n\n\n<div class=\"wp-block-column is-layout-flow wp-block-column-is-layout-flow\">\n<div class=\"wp-block-button\"><a class=\"wp-block-button__link has-vivid-red-background-color has-background wp-element-button\" href=\"https:\/\/www.verwaltung-nordseesonne.de\/Dornumersiel\/Neuharlingersiel\/Ferienwohnung.Kleine.Krabbe.1#?from=2024-04-09&amp;till=2024-04-13&amp;adults=2\">Verf\u00fcgbarkeit, Preise und Buchung<\/a><\/div>\n\n\n\n<p><\/p>\n<\/div>\n<\/div>\n","protected":false},"excerpt":{"rendered":"<p>Die &#8222;Kleine Krabbe 1&#8220; bietet Ihnen folgende Ausstattungsmerkmale: Diese gem\u00fctliche Ferienwohnung ist ca. 35 qm gro\u00df und bietet Platz f\u00fcr 2 Personen. Sie besteht aus einem Duschbad, Schlafzimmer mit Gardinen und einem Wohn- Essbereich mit einer kleinen K\u00fcchenzeile. Die kleine S\u00fcdterrasse l\u00e4dt zum Verweilen ein. Wlan kostenfrei<\/p>\n","protected":false},"author":1,"featured_media":0,"parent":0,"menu_order":0,"comment_status":"closed","ping_status":"closed","template":"","meta":{"footnotes":""},"class_list":["post-51","page","type-page","status-publish","hentry"],"jetpack_sharing_enabled":true,"_links":{"self":[{"href":"https:\/\/diekleinekrabbe.de\/index.php?rest_route=\/wp\/v2\/pages\/51","targetHints":{"allow":["GET"]}}],"collection":[{"href":"https:\/\/diekleinekrabbe.de\/index.php?rest_route=\/wp\/v2\/pages"}],"about":[{"href":"https:\/\/diekleinekrabbe.de\/index.php?rest_route=\/wp\/v2\/types\/page"}],"author":[{"embeddable":true,"href":"https:\/\/diekleinekrabbe.de\/index.php?rest_route=\/wp\/v2\/users\/1"}],"replies":[{"embeddable":true,"href":"https:\/\/diekleinekrabbe.de\/index.php?rest_route=%2Fwp%2Fv2%2Fcomments&post=51"}],"version-history":[{"count":27,"href":"https:\/\/diekleinekrabbe.de\/index.php?rest_route=\/wp\/v2\/pages\/51\/revisions"}],"predecessor-version":[{"id":487,"href":"https:\/\/diekleinekrabbe.de\/index.php?rest_route=\/wp\/v2\/pages\/51\/revisions\/487"}],"wp:attachment":[{"href":"https:\/\/diekleinekrabbe.de\/index.php?rest_route=%2Fwp%2Fv2%2Fmedia&parent=51"}],"curies":[{"name":"wp","href":"https:\/\/api.w.org\/{rel}","templated":true}]}}