{"id":39,"date":"2018-12-27T13:46:03","date_gmt":"2018-12-27T13:46:03","guid":{"rendered":"http:\/\/diekleinekrabbe.de\/?page_id=39"},"modified":"2025-08-01T18:06:16","modified_gmt":"2025-08-01T18:06:16","slug":"startseite","status":"publish","type":"page","link":"https:\/\/diekleinekrabbe.de\/","title":{"rendered":"Herzlich Willkommen"},"content":{"rendered":"\n<figure class=\"wp-block-image size-large\"><img loading=\"lazy\" decoding=\"async\" width=\"1024\" height=\"682\" src=\"http:\/\/diekleinekrabbe.de\/wp-content\/uploads\/2025\/08\/DSC01076-1024x682.jpg\" alt=\"\" class=\"wp-image-493\" srcset=\"https:\/\/diekleinekrabbe.de\/wp-content\/uploads\/2025\/08\/DSC01076-1024x682.jpg 1024w, https:\/\/diekleinekrabbe.de\/wp-content\/uploads\/2025\/08\/DSC01076-300x200.jpg 300w, https:\/\/diekleinekrabbe.de\/wp-content\/uploads\/2025\/08\/DSC01076-768x511.jpg 768w, https:\/\/diekleinekrabbe.de\/wp-content\/uploads\/2025\/08\/DSC01076-1536x1022.jpg 1536w, https:\/\/diekleinekrabbe.de\/wp-content\/uploads\/2025\/08\/DSC01076-2048x1363.jpg 2048w\" sizes=\"auto, (max-width: 1024px) 100vw, 1024px\" \/><\/figure>\n\n\n\n<p>Neuharlingersiel geh\u00f6rt eindeutig zu den sch\u00f6nsten Sielorten\nder ostfriesischen Nordseek\u00fcste. Hier bietet Ihnen die kleine Krabbe, speziell\nf\u00fcr Paare, eine ideale Ferienunterkunft f\u00fcr Ihren Urlaub.<\/p>\n\n\n\n<p>In nur wenigen Gehminuten erreichen Sie von der kleinen\nKrabbe aus den urtypischen Kutterhafen mit angrenzender Strandlandschaft und\ndem nieders\u00e4chsischen Wattenmeer. Die kleine Krabbe liegt direkt am Sieltief\nund bietet Ihnen in zwei Wohneinheiten, mit Blick \u00fcber die ostfriesischen\nWeiten von der S\u00fcdterrasse, beste Bedingungen f\u00fcr Ihren Nordsee-Urlaub. <\/p>\n\n\n\n<p><strong>Oder: Nutzen Sie \u00fcber eine Verbindungst\u00fcr beide Ferienwohnung zusammenh\u00e4ngend, mit einem gemeinsamen K\u00fcchen- und Essbereich. Ideal f\u00fcr befreundete Paare!<\/strong><\/p>\n\n\n\n<p>Hinweis: Haustiere sind bei uns leider nicht gestattet.<\/p>\n","protected":false},"excerpt":{"rendered":"<p>Neuharlingersiel geh\u00f6rt eindeutig zu den sch\u00f6nsten Sielorten der ostfriesischen Nordseek\u00fcste. Hier bietet Ihnen die kleine Krabbe, speziell f\u00fcr Paare, eine ideale Ferienunterkunft f\u00fcr Ihren Urlaub. In nur wenigen Gehminuten erreichen Sie von der kleinen Krabbe aus den urtypischen Kutterhafen mit angrenzender Strandlandschaft und dem nieders\u00e4chsischen Wattenmeer. Die kleine Krabbe liegt direkt am Sieltief und bietet&hellip;<\/p>\n","protected":false},"author":1,"featured_media":0,"parent":0,"menu_order":0,"comment_status":"closed","ping_status":"closed","template":"","meta":{"footnotes":""},"class_list":["post-39","page","type-page","status-publish","hentry"],"jetpack_sharing_enabled":true,"_links":{"self":[{"href":"https:\/\/diekleinekrabbe.de\/index.php?rest_route=\/wp\/v2\/pages\/39","targetHints":{"allow":["GET"]}}],"collection":[{"href":"https:\/\/diekleinekrabbe.de\/index.php?rest_route=\/wp\/v2\/pages"}],"about":[{"href":"https:\/\/diekleinekrabbe.de\/index.php?rest_route=\/wp\/v2\/types\/page"}],"author":[{"embeddable":true,"href":"https:\/\/diekleinekrabbe.de\/index.php?rest_route=\/wp\/v2\/users\/1"}],"replies":[{"embeddable":true,"href":"https:\/\/diekleinekrabbe.de\/index.php?rest_route=%2Fwp%2Fv2%2Fcomments&post=39"}],"version-history":[{"count":10,"href":"https:\/\/diekleinekrabbe.de\/index.php?rest_route=\/wp\/v2\/pages\/39\/revisions"}],"predecessor-version":[{"id":504,"href":"https:\/\/diekleinekrabbe.de\/index.php?rest_route=\/wp\/v2\/pages\/39\/revisions\/504"}],"wp:attachment":[{"href":"https:\/\/diekleinekrabbe.de\/index.php?rest_route=%2Fwp%2Fv2%2Fmedia&parent=39"}],"curies":[{"name":"wp","href":"https:\/\/api.w.org\/{rel}","templated":true}]}}