{"id":283,"date":"2019-01-30T16:49:15","date_gmt":"2019-01-30T16:49:15","guid":{"rendered":"http:\/\/diekleinekrabbe.de\/?page_id=283"},"modified":"2023-01-31T16:59:25","modified_gmt":"2023-01-31T16:59:25","slug":"preise","status":"publish","type":"page","link":"https:\/\/diekleinekrabbe.de\/?page_id=283","title":{"rendered":"Preise (f\u00fcr Anfragen)"},"content":{"rendered":"\n<ul class=\"wp-block-list\">\n<li>Wir haben einen Mindestaufenthalt von <strong>drei<\/strong> N\u00e4chten.<\/li>\n\n\n\n<li>Im angegebenen <strong>Wochenpreis<\/strong> sind die Kosten f\u00fcr die <strong>Endreinigung<\/strong> bereits enthalten.<\/li>\n\n\n\n<li>Bettw\u00e4sche und Handt\u00fccher k\u00f6nnen Sie nach Bedarf dazubuchen<\/li>\n\n\n\n<li>Bettw\u00e4sche <strong>12,00 \u20ac<\/strong> pro Person, Handt\u00fccher <strong>6,00 \u20ac<\/strong> pro Person.<\/li>\n<\/ul>\n\n\n\n<p>Der G\u00e4stebeitrag der Gemeinde Neuharlingersiel in H\u00f6he von <strong>3,00 \u20ac<\/strong> pro Person und pro Nacht (Nebensaison <strong>1,00 \u20ac<\/strong>, Kinder erm\u00e4\u00dfigt) ist zuz\u00fcglich. <\/p>\n\n\n\n<figure class=\"wp-block-table\"><table><tbody><tr><td>&nbsp;<\/td><td><strong>Krabbe 1<\/strong><\/td><td>&nbsp;<\/td><td><strong>Krabbe 2<\/strong><\/td><td>&nbsp;<\/td><td><strong>Ganze Krabbe<\/strong><\/td><td>&nbsp;<\/td><\/tr><tr><td><strong>Zeiten:<\/strong><\/td><td>F\u00fcr eine Woche <\/td><td>Mehr- oder Mindernacht<\/td><td>F\u00fcr eine Woche <\/td><td>Mehr- oder Mindernacht<\/td><td>F\u00fcr eine Woche<\/td><td>Mehr- oder Mindernacht<\/td><\/tr><tr><td>Haupts. 01.06. \u2013 31.08. und Feiertage<\/td><td>535,00 \u20ac<\/td><td>+\/- 65,00 \u20ac<\/td><td>570,00 \u20ac<\/td><td>+\/- 70,00 \u20ac<\/td><td>870,00 \u20ac<\/td><td>+\/- 110,00 \u20ac<\/td><\/tr><tr><td>Zwischens. 01.04. \u2013 31.05. \/ 01.09. \u2013 31.10.<\/td><td>465,00 \u20ac<\/td><td>+\/- 55,00 \u20ac<\/td><td>500,00 \u20ac<\/td><td>+\/- 60,00 \u20ac<\/td><td>660,00 \u20ac<\/td><td>+\/- 80,00 \u20ac<\/td><\/tr><tr><td>Nebens. 02.01. \u2013 31.03. 01.11. \u2013 23.12. &nbsp;<\/td><td>360,00 \u20ac<\/td><td>+\/- 40,00 \u20ac<\/td><td>395,00 \u20ac<\/td><td>+\/- 45,00 \u20ac<\/td><td>520,00 \u20ac<\/td><td>+\/- 60,00 \u20ac<\/td><\/tr><\/tbody><\/table><\/figure>\n\n\n\n<p><strong>Wir freuen uns auf Ihre Anfrage<\/strong>!!!<\/p>\n\n\n\n<p><strong>Verf\u00fcgbaren Zeiten k\u00f6nnen Sie unter &#8222;Sofortbuchung und Verf\u00fcgbarkeit&#8220; einsehen<\/strong>. <\/p>\n\n\n\n<p>Zahlungsbedingungen: Wir erwarten eine Anzahlung von 20% und die Restzahlung bis 14 Tage vor Reiseantritt. Stornobedingungen: Ihren gebuchten Aufenthalt k\u00f6nnen Sie bis 30 Tage vor Reiseantritt kostenfrei und bis 14 Tage vor Reiseantritt mit 50% Stornokosten stornieren. <\/p>\n","protected":false},"excerpt":{"rendered":"<p>Der G\u00e4stebeitrag der Gemeinde Neuharlingersiel in H\u00f6he von 3,00 \u20ac pro Person und pro Nacht (Nebensaison 1,00 \u20ac, Kinder erm\u00e4\u00dfigt) ist zuz\u00fcglich. &nbsp; Krabbe 1 &nbsp; Krabbe 2 &nbsp; Ganze Krabbe &nbsp; Zeiten: F\u00fcr eine Woche Mehr- oder Mindernacht F\u00fcr eine Woche Mehr- oder Mindernacht F\u00fcr eine Woche Mehr- oder Mindernacht Haupts. 01.06. \u2013 31.08.&hellip;<\/p>\n","protected":false},"author":1,"featured_media":0,"parent":0,"menu_order":0,"comment_status":"closed","ping_status":"closed","template":"","meta":{"footnotes":""},"class_list":["post-283","page","type-page","status-publish","hentry"],"jetpack_sharing_enabled":true,"_links":{"self":[{"href":"https:\/\/diekleinekrabbe.de\/index.php?rest_route=\/wp\/v2\/pages\/283","targetHints":{"allow":["GET"]}}],"collection":[{"href":"https:\/\/diekleinekrabbe.de\/index.php?rest_route=\/wp\/v2\/pages"}],"about":[{"href":"https:\/\/diekleinekrabbe.de\/index.php?rest_route=\/wp\/v2\/types\/page"}],"author":[{"embeddable":true,"href":"https:\/\/diekleinekrabbe.de\/index.php?rest_route=\/wp\/v2\/users\/1"}],"replies":[{"embeddable":true,"href":"https:\/\/diekleinekrabbe.de\/index.php?rest_route=%2Fwp%2Fv2%2Fcomments&post=283"}],"version-history":[{"count":34,"href":"https:\/\/diekleinekrabbe.de\/index.php?rest_route=\/wp\/v2\/pages\/283\/revisions"}],"predecessor-version":[{"id":483,"href":"https:\/\/diekleinekrabbe.de\/index.php?rest_route=\/wp\/v2\/pages\/283\/revisions\/483"}],"wp:attachment":[{"href":"https:\/\/diekleinekrabbe.de\/index.php?rest_route=%2Fwp%2Fv2%2Fmedia&parent=283"}],"curies":[{"name":"wp","href":"https:\/\/api.w.org\/{rel}","templated":true}]}}